{"id":448,"date":"2021-08-13T17:52:14","date_gmt":"2021-08-13T15:52:14","guid":{"rendered":"https:\/\/lauraholistic.com\/?page_id=448"},"modified":"2021-09-28T12:56:17","modified_gmt":"2021-09-28T10:56:17","slug":"circulo-de-mujeres","status":"publish","type":"page","link":"https:\/\/lauraholistic.com\/index.php\/circulo-de-mujeres\/","title":{"rendered":"C\u00cdRCULO DE MUJERES"},"content":{"rendered":"\t\t<div data-elementor-type=\"wp-page\" data-elementor-id=\"448\" class=\"elementor elementor-448\">\n\t\t\t\t\t\t<section class=\"elementor-section elementor-top-section elementor-element elementor-element-50b0bbbd elementor-section-boxed elementor-section-height-default elementor-section-height-default\" data-id=\"50b0bbbd\" data-element_type=\"section\" data-e-type=\"section\">\n\t\t\t\t\t\t<div class=\"elementor-container elementor-column-gap-default\">\n\t\t\t\t\t<div class=\"elementor-column elementor-col-100 elementor-top-column elementor-element elementor-element-27b7d9b3\" data-id=\"27b7d9b3\" data-element_type=\"column\" data-e-type=\"column\">\n\t\t\t<div class=\"elementor-widget-wrap elementor-element-populated\">\n\t\t\t\t\t\t<div class=\"elementor-element elementor-element-646769e elementor-widget elementor-widget-image\" data-id=\"646769e\" data-element_type=\"widget\" data-e-type=\"widget\" data-widget_type=\"image.default\">\n\t\t\t\t<div class=\"elementor-widget-container\">\n\t\t\t\t\t\t\t\t\t\t\t\t\t\t\t<img fetchpriority=\"high\" decoding=\"async\" width=\"1024\" height=\"683\" src=\"https:\/\/lauraholistic.com\/wp-content\/uploads\/2021\/08\/hannah-busing-Zyx1bK9mqmA-unsplash-1024x683.jpg\" class=\"attachment-large size-large wp-image-591\" alt=\"\" srcset=\"https:\/\/lauraholistic.com\/wp-content\/uploads\/2021\/08\/hannah-busing-Zyx1bK9mqmA-unsplash-1024x683.jpg 1024w, https:\/\/lauraholistic.com\/wp-content\/uploads\/2021\/08\/hannah-busing-Zyx1bK9mqmA-unsplash-300x200.jpg 300w, https:\/\/lauraholistic.com\/wp-content\/uploads\/2021\/08\/hannah-busing-Zyx1bK9mqmA-unsplash-768x512.jpg 768w, https:\/\/lauraholistic.com\/wp-content\/uploads\/2021\/08\/hannah-busing-Zyx1bK9mqmA-unsplash-1536x1024.jpg 1536w, https:\/\/lauraholistic.com\/wp-content\/uploads\/2021\/08\/hannah-busing-Zyx1bK9mqmA-unsplash-2048x1365.jpg 2048w\" sizes=\"(max-width: 1024px) 100vw, 1024px\" \/>\t\t\t\t\t\t\t\t\t\t\t\t\t\t\t<\/div>\n\t\t\t\t<\/div>\n\t\t\t\t<div class=\"elementor-element elementor-element-2c3c1b35 elementor-invisible elementor-widget elementor-widget-text-editor\" data-id=\"2c3c1b35\" data-element_type=\"widget\" data-e-type=\"widget\" data-settings=\"{&quot;_animation&quot;:&quot;zoomIn&quot;}\" data-widget_type=\"text-editor.default\">\n\t\t\t\t<div class=\"elementor-widget-container\">\n\t\t\t\t\t\t\t\t\t\n<p><strong><span style=\"font-size: 18pt;\">C\u00cdRCULO DE MUJERES<\/span><\/strong><\/p>\n\n<p><span style=\"font-size: 14pt;\">Comunidad, tribu, crecimiento, aprendizaje\u2026 El c\u00edrculo de mujeres nace con el fin de acompa\u00f1ar hacia el camino del autoconocimiento, el empoderamiento femenino y a vivir f\u00e1cilmente con alta sensibilidad. Conversar y compartir con otras mujeres con un perfil parecido al tuyo te puede ayudar a liberarte, a sentirte comprendida y a nutrirte para poder transitar tu vida con plenitud.\u00a0<\/span><\/p>\n<p><span style=\"font-size: 14pt;\"><\/span><\/p>\n<p><span style=\"font-size: 14pt;\">En L\u2019 Aura encontrar\u00e1s este espacio para sentirte escuchada y sostenida, en el que poder ser t\u00fa sin limitaciones. A trav\u00e9s de diferentes c\u00edrculos de energ\u00eda ya creados o por crear (dependiendo de la necesidad de cada una), podr\u00e1s trabajar diversas \u00e1reas de tu vida:\u00a0<\/span><\/p>\n<p><span style=\"font-size: 14pt;\"><\/span><\/p>\n<ul style=\"list-style-type: square;\">\n<li><span style=\"font-size: 14pt;\">Maternidad<\/span><\/li>\n<\/ul>\n<p><span style=\"font-size: 14pt;\"><\/span><\/p>\n<ul style=\"list-style-type: square;\">\n<li><span style=\"font-size: 14pt;\">Prop\u00f3sito de vida<\/span><\/li>\n<\/ul>\n<p><span style=\"font-size: 14pt;\"><\/span><\/p>\n<ul style=\"list-style-type: square;\">\n<li><span style=\"font-size: 14pt;\">Relaciones familiares<\/span><\/li>\n<\/ul>\n<p><span style=\"font-size: 14pt;\"><\/span><\/p>\n<ul style=\"list-style-type: square;\">\n<li><span style=\"font-size: 14pt;\">Vida cotidiana<\/span><\/li>\n<\/ul>\n<p><span style=\"font-size: 14pt;\"><\/span><\/p>\n<ul style=\"list-style-type: square;\">\n<li><span style=\"font-size: 14pt;\">Mujer creadora<\/span><\/li>\n<\/ul>\n<p><span style=\"font-size: 14pt;\"><\/span><\/p>\n<ul style=\"list-style-type: square;\">\n<li><span style=\"font-size: 14pt;\">Adaptarse a la sociedad<\/span><\/li>\n<\/ul>\n<p><span style=\"font-size: 14pt;\"><\/span><\/p>\n<ul style=\"list-style-type: square;\">\n<li><span style=\"font-size: 14pt;\">Miedos y ansiedad<\/span><\/li>\n<\/ul>\n<p><span style=\"font-size: 14pt;\"><\/span><\/p>\n<p><span style=\"font-size: 14pt;\">Los c\u00edrculos son acompa\u00f1ados y guiados por mi sin juicios, desde el amor y el respeto. Se realizan en un espacio acondicionado para ello en el que encontrar\u00e1s paz, seguridad y bienestar para poder expresarte, si as\u00ed lo deseas, y reconectar con tu verdadera esencia.<\/span><\/p>\n<p><span style=\"font-size: 14pt;\"><\/span><\/p>\n<p><span style=\"font-size: 14pt;\">Los encuentros se realizar\u00e1n dos veces al mes con una duraci\u00f3n de dos horas cada uno y\u00a0 durante tres meses.\u00a0\u00a0<\/span><\/p>\n<p><span style=\"font-size: 14pt;\">P\u00eddeme m\u00e1s informaci\u00f3n al final de la p\u00e1gina si est\u00e1s interesada.<\/span><\/p>\n<p><span style=\"font-size: 14pt;\"><\/span><\/p>\n<p>\u00a0<\/p>\n\t\t\t\t\t\t\t\t<\/div>\n\t\t\t\t<\/div>\n\t\t\t\t\t<\/div>\n\t\t<\/div>\n\t\t\t\t\t<\/div>\n\t\t<\/section>\n\t\t\t\t<section class=\"elementor-section elementor-top-section elementor-element elementor-element-2b6a14b elementor-section-boxed elementor-section-height-default elementor-section-height-default\" data-id=\"2b6a14b\" data-element_type=\"section\" data-e-type=\"section\">\n\t\t\t\t\t\t<div class=\"elementor-container elementor-column-gap-default\">\n\t\t\t\t\t<div class=\"elementor-column elementor-col-100 elementor-top-column elementor-element elementor-element-4f7b391\" data-id=\"4f7b391\" data-element_type=\"column\" data-e-type=\"column\">\n\t\t\t<div class=\"elementor-widget-wrap elementor-element-populated\">\n\t\t\t\t\t\t<div class=\"elementor-element elementor-element-33d5bea elementor-invisible elementor-widget elementor-widget-text-editor\" data-id=\"33d5bea\" data-element_type=\"widget\" data-e-type=\"widget\" data-settings=\"{&quot;_animation&quot;:&quot;zoomIn&quot;}\" data-widget_type=\"text-editor.default\">\n\t\t\t\t<div class=\"elementor-widget-container\">\n\t\t\t\t\t\t\t\t\t<p><span style=\"font-size: 18pt;\"><strong>\u00bfQU\u00c9 PUEDES CONSEGUIR?<\/strong><\/span><\/p>\n<p><span style=\"font-size: 14pt;\"><!-- \/wp:paragraph --><!-- wp:paragraph --><\/span><\/p>\n<ul style=\"list-style-type: square;\">\n<li><span style=\"font-size: 14pt;\">Ganar confianza y seguridad en ti misma.<\/span><\/li>\n<\/ul>\n<p><span style=\"font-size: 14pt;\"><!-- \/wp:paragraph --><!-- wp:paragraph --><\/span><\/p>\n<ul style=\"list-style-type: square;\">\n<li><span style=\"font-size: 14pt;\">Sentirte comprendida y escuchada.<\/span><\/li>\n<\/ul>\n<p><span style=\"font-size: 14pt;\"><!-- \/wp:paragraph --><!-- wp:paragraph --><\/span><\/p>\n<ul style=\"list-style-type: square;\">\n<li><span style=\"font-size: 14pt;\">Saber que hay otras mujeres parecidas a ti y no est\u00e1s sola.\u00a0<\/span><\/li>\n<\/ul>\n<p><span style=\"font-size: 14pt;\"><!-- \/wp:paragraph --><!-- wp:paragraph --><\/span><\/p>\n<ul style=\"list-style-type: square;\">\n<li><span style=\"font-size: 14pt;\">Aprender recursos y m\u00e9todos para el d\u00eda a d\u00eda.<\/span><\/li>\n<\/ul>\n<p><span style=\"font-size: 14pt;\"><!-- \/wp:paragraph --><!-- wp:paragraph --><\/span><\/p>\n<ul style=\"list-style-type: square;\">\n<li><span style=\"font-size: 14pt;\">Gestionar tus emociones con mayor facilidad.<\/span><\/li>\n<\/ul>\n<p><span style=\"font-size: 14pt;\"><!-- \/wp:paragraph --><!-- wp:paragraph --><\/span><\/p>\n<ul style=\"list-style-type: square;\">\n<li><span style=\"font-size: 14pt;\">Formar parte de una comunidad y disfrutar de otras mujeres.<\/span><\/li>\n<\/ul>\n<p><span style=\"font-size: 14pt;\"><!-- \/wp:paragraph --><!-- wp:paragraph --><\/span><\/p>\n<p><span style=\"font-size: 14pt;\">Si lo deseas, el acompa\u00f1amiento sigue en un grupo de soporte de Telegram privado en con todas las mujeres del c\u00edrculo.<\/span><\/p>\n<p><span style=\"font-size: 14pt;\"><!-- \/wp:paragraph --><!-- wp:paragraph --><\/span><\/p>\n<p><span style=\"font-size: 14pt;\">Si te ha resonado y te gustar\u00eda estar en alguno de los c\u00edrculos, p\u00eddeme m\u00e1s informaci\u00f3n a trav\u00e9s del enlace de descarga de mi ebook.<\/span><\/p>\t\t\t\t\t\t\t\t<\/div>\n\t\t\t\t<\/div>\n\t\t\t\t\t<\/div>\n\t\t<\/div>\n\t\t\t\t\t<\/div>\n\t\t<\/section>\n\t\t\t\t<section class=\"elementor-section elementor-top-section elementor-element elementor-element-fbdd517 elementor-section-boxed elementor-section-height-default elementor-section-height-default\" data-id=\"fbdd517\" data-element_type=\"section\" data-e-type=\"section\">\n\t\t\t\t\t\t<div class=\"elementor-container elementor-column-gap-default\">\n\t\t\t\t\t<div class=\"elementor-column elementor-col-100 elementor-top-column elementor-element elementor-element-e127a3b\" data-id=\"e127a3b\" data-element_type=\"column\" data-e-type=\"column\">\n\t\t\t<div class=\"elementor-widget-wrap elementor-element-populated\">\n\t\t\t\t\t\t<div class=\"elementor-element elementor-element-9450c23 elementor-invisible elementor-widget elementor-widget-text-editor\" data-id=\"9450c23\" data-element_type=\"widget\" data-e-type=\"widget\" data-settings=\"{&quot;motion_fx_motion_fx_scrolling&quot;:&quot;yes&quot;,&quot;_animation&quot;:&quot;bounceIn&quot;,&quot;motion_fx_devices&quot;:[&quot;desktop&quot;,&quot;tablet&quot;,&quot;mobile&quot;]}\" data-widget_type=\"text-editor.default\">\n\t\t\t\t<div class=\"elementor-widget-container\">\n\t\t\t\t\t\t\t\t\t<p style=\"text-align: center;\"><span style=\"font-size: 36pt;\"><span style=\"vertical-align: inherit;\"><span style=\"vertical-align: inherit;\"><span style=\"vertical-align: inherit;\"><span style=\"vertical-align: inherit;\">RECIBE MI EBOOK GRATUITO <span style=\"color: #b68d2c;\"><a style=\"color: #b68d2c;\" href=\"https:\/\/forms.gle\/HnTQ9RUrNCs1FWWy6\" target=\"_blank\" rel=\"noopener\"><em>AQU\u00cd<\/em><\/a><\/span><\/span><\/span><\/span><\/span><\/span><\/p>\t\t\t\t\t\t\t\t<\/div>\n\t\t\t\t<\/div>\n\t\t\t\t\t<\/div>\n\t\t<\/div>\n\t\t\t\t\t<\/div>\n\t\t<\/section>\n\t\t\t\t<\/div>\n\t\t","protected":false},"excerpt":{"rendered":"<p>C\u00cdRCULO DE MUJERES Comunidad, tribu, crecimiento, aprendizaje\u2026 El c\u00edrculo de mujeres nace con el fin de acompa\u00f1ar hacia el camino del autoconocimiento, el empoderamiento femenino y a vivir f\u00e1cilmente con alta sensibilidad. Conversar y compartir con otras mujeres con un perfil parecido al tuyo te puede ayudar a liberarte, a sentirte comprendida y a nutrirte [&hellip;]<\/p>\n","protected":false},"author":1,"featured_media":0,"parent":0,"menu_order":0,"comment_status":"closed","ping_status":"closed","template":"elementor_header_footer","meta":{"site-sidebar-layout":"default","site-content-layout":"default","ast-site-content-layout":"","site-content-style":"default","site-sidebar-style":"default","ast-global-header-display":"","ast-banner-title-visibility":"","ast-main-header-display":"","ast-hfb-above-header-display":"","ast-hfb-below-header-display":"","ast-hfb-mobile-header-display":"","site-post-title":"","ast-breadcrumbs-content":"","ast-featured-img":"","footer-sml-layout":"","theme-transparent-header-meta":"default","adv-header-id-meta":"","stick-header-meta":"","header-above-stick-meta":"","header-main-stick-meta":"","header-below-stick-meta":"","astra-migrate-meta-layouts":"default","ast-page-background-enabled":"default","ast-page-background-meta":{"desktop":{"background-color":"var(--ast-global-color-4)","background-image":"","background-repeat":"repeat","background-position":"center center","background-size":"auto","background-attachment":"scroll","background-type":"","background-media":"","overlay-type":"","overlay-color":"","overlay-opacity":"","overlay-gradient":""},"tablet":{"background-color":"","background-image":"","background-repeat":"repeat","background-position":"center center","background-size":"auto","background-attachment":"scroll","background-type":"","background-media":"","overlay-type":"","overlay-color":"","overlay-opacity":"","overlay-gradient":""},"mobile":{"background-color":"","background-image":"","background-repeat":"repeat","background-position":"center center","background-size":"auto","background-attachment":"scroll","background-type":"","background-media":"","overlay-type":"","overlay-color":"","overlay-opacity":"","overlay-gradient":""}},"ast-content-background-meta":{"desktop":{"background-color":"var(--ast-global-color-5)","background-image":"","background-repeat":"repeat","background-position":"center center","background-size":"auto","background-attachment":"scroll","background-type":"","background-media":"","overlay-type":"","overlay-color":"","overlay-opacity":"","overlay-gradient":""},"tablet":{"background-color":"var(--ast-global-color-5)","background-image":"","background-repeat":"repeat","background-position":"center center","background-size":"auto","background-attachment":"scroll","background-type":"","background-media":"","overlay-type":"","overlay-color":"","overlay-opacity":"","overlay-gradient":""},"mobile":{"background-color":"var(--ast-global-color-5)","background-image":"","background-repeat":"repeat","background-position":"center center","background-size":"auto","background-attachment":"scroll","background-type":"","background-media":"","overlay-type":"","overlay-color":"","overlay-opacity":"","overlay-gradient":""}},"footnotes":""},"class_list":["post-448","page","type-page","status-publish","hentry"],"yoast_head":"<!-- This site is optimized with the Yoast SEO plugin v27.5 - https:\/\/yoast.com\/product\/yoast-seo-wordpress\/ -->\n<title>C\u00cdRCULO DE MUJERES - WordPress<\/title>\n<meta name=\"robots\" content=\"index, follow, max-snippet:-1, max-image-preview:large, max-video-preview:-1\" \/>\n<link rel=\"canonical\" href=\"https:\/\/lauraholistic.com\/index.php\/circulo-de-mujeres\/\" \/>\n<meta property=\"og:locale\" content=\"es_ES\" \/>\n<meta property=\"og:type\" content=\"article\" \/>\n<meta property=\"og:title\" content=\"C\u00cdRCULO DE MUJERES - WordPress\" \/>\n<meta property=\"og:description\" content=\"C\u00cdRCULO DE MUJERES Comunidad, tribu, crecimiento, aprendizaje\u2026 El c\u00edrculo de mujeres nace con el fin de acompa\u00f1ar hacia el camino del autoconocimiento, el empoderamiento femenino y a vivir f\u00e1cilmente con alta sensibilidad. Conversar y compartir con otras mujeres con un perfil parecido al tuyo te puede ayudar a liberarte, a sentirte comprendida y a nutrirte [&hellip;]\" \/>\n<meta property=\"og:url\" content=\"https:\/\/lauraholistic.com\/index.php\/circulo-de-mujeres\/\" \/>\n<meta property=\"og:site_name\" content=\"WordPress\" \/>\n<meta property=\"article:modified_time\" content=\"2021-09-28T10:56:17+00:00\" \/>\n<meta property=\"og:image\" content=\"https:\/\/lauraholistic.com\/wp-content\/uploads\/2021\/08\/hannah-busing-Zyx1bK9mqmA-unsplash-1024x683.jpg\" \/>\n<meta name=\"twitter:card\" content=\"summary_large_image\" \/>\n<meta name=\"twitter:label1\" content=\"Tiempo de lectura\" \/>\n\t<meta name=\"twitter:data1\" content=\"2 minutos\" \/>\n<script type=\"application\/ld+json\" class=\"yoast-schema-graph\">{\"@context\":\"https:\\\/\\\/schema.org\",\"@graph\":[{\"@type\":\"WebPage\",\"@id\":\"https:\\\/\\\/lauraholistic.com\\\/index.php\\\/circulo-de-mujeres\\\/\",\"url\":\"https:\\\/\\\/lauraholistic.com\\\/index.php\\\/circulo-de-mujeres\\\/\",\"name\":\"C\u00cdRCULO DE MUJERES - WordPress\",\"isPartOf\":{\"@id\":\"https:\\\/\\\/lauraholistic.com\\\/#website\"},\"primaryImageOfPage\":{\"@id\":\"https:\\\/\\\/lauraholistic.com\\\/index.php\\\/circulo-de-mujeres\\\/#primaryimage\"},\"image\":{\"@id\":\"https:\\\/\\\/lauraholistic.com\\\/index.php\\\/circulo-de-mujeres\\\/#primaryimage\"},\"thumbnailUrl\":\"https:\\\/\\\/lauraholistic.com\\\/wp-content\\\/uploads\\\/2021\\\/08\\\/hannah-busing-Zyx1bK9mqmA-unsplash-1024x683.jpg\",\"datePublished\":\"2021-08-13T15:52:14+00:00\",\"dateModified\":\"2021-09-28T10:56:17+00:00\",\"breadcrumb\":{\"@id\":\"https:\\\/\\\/lauraholistic.com\\\/index.php\\\/circulo-de-mujeres\\\/#breadcrumb\"},\"inLanguage\":\"es\",\"potentialAction\":[{\"@type\":\"ReadAction\",\"target\":[\"https:\\\/\\\/lauraholistic.com\\\/index.php\\\/circulo-de-mujeres\\\/\"]}]},{\"@type\":\"ImageObject\",\"inLanguage\":\"es\",\"@id\":\"https:\\\/\\\/lauraholistic.com\\\/index.php\\\/circulo-de-mujeres\\\/#primaryimage\",\"url\":\"https:\\\/\\\/lauraholistic.com\\\/wp-content\\\/uploads\\\/2021\\\/08\\\/hannah-busing-Zyx1bK9mqmA-unsplash-scaled.jpg\",\"contentUrl\":\"https:\\\/\\\/lauraholistic.com\\\/wp-content\\\/uploads\\\/2021\\\/08\\\/hannah-busing-Zyx1bK9mqmA-unsplash-scaled.jpg\",\"width\":2560,\"height\":1707},{\"@type\":\"BreadcrumbList\",\"@id\":\"https:\\\/\\\/lauraholistic.com\\\/index.php\\\/circulo-de-mujeres\\\/#breadcrumb\",\"itemListElement\":[{\"@type\":\"ListItem\",\"position\":1,\"name\":\"Portada\",\"item\":\"https:\\\/\\\/lauraholistic.com\\\/\"},{\"@type\":\"ListItem\",\"position\":2,\"name\":\"C\u00cdRCULO DE MUJERES\"}]},{\"@type\":\"WebSite\",\"@id\":\"https:\\\/\\\/lauraholistic.com\\\/#website\",\"url\":\"https:\\\/\\\/lauraholistic.com\\\/\",\"name\":\"WordPress\",\"description\":\"Un site utilisant WordPress\",\"potentialAction\":[{\"@type\":\"SearchAction\",\"target\":{\"@type\":\"EntryPoint\",\"urlTemplate\":\"https:\\\/\\\/lauraholistic.com\\\/?s={search_term_string}\"},\"query-input\":{\"@type\":\"PropertyValueSpecification\",\"valueRequired\":true,\"valueName\":\"search_term_string\"}}],\"inLanguage\":\"es\"}]}<\/script>\n<!-- \/ Yoast SEO plugin. -->","yoast_head_json":{"title":"C\u00cdRCULO DE MUJERES - WordPress","robots":{"index":"index","follow":"follow","max-snippet":"max-snippet:-1","max-image-preview":"max-image-preview:large","max-video-preview":"max-video-preview:-1"},"canonical":"https:\/\/lauraholistic.com\/index.php\/circulo-de-mujeres\/","og_locale":"es_ES","og_type":"article","og_title":"C\u00cdRCULO DE MUJERES - WordPress","og_description":"C\u00cdRCULO DE MUJERES Comunidad, tribu, crecimiento, aprendizaje\u2026 El c\u00edrculo de mujeres nace con el fin de acompa\u00f1ar hacia el camino del autoconocimiento, el empoderamiento femenino y a vivir f\u00e1cilmente con alta sensibilidad. Conversar y compartir con otras mujeres con un perfil parecido al tuyo te puede ayudar a liberarte, a sentirte comprendida y a nutrirte [&hellip;]","og_url":"https:\/\/lauraholistic.com\/index.php\/circulo-de-mujeres\/","og_site_name":"WordPress","article_modified_time":"2021-09-28T10:56:17+00:00","og_image":[{"url":"https:\/\/lauraholistic.com\/wp-content\/uploads\/2021\/08\/hannah-busing-Zyx1bK9mqmA-unsplash-1024x683.jpg","type":"","width":"","height":""}],"twitter_card":"summary_large_image","twitter_misc":{"Tiempo de lectura":"2 minutos"},"schema":{"@context":"https:\/\/schema.org","@graph":[{"@type":"WebPage","@id":"https:\/\/lauraholistic.com\/index.php\/circulo-de-mujeres\/","url":"https:\/\/lauraholistic.com\/index.php\/circulo-de-mujeres\/","name":"C\u00cdRCULO DE MUJERES - WordPress","isPartOf":{"@id":"https:\/\/lauraholistic.com\/#website"},"primaryImageOfPage":{"@id":"https:\/\/lauraholistic.com\/index.php\/circulo-de-mujeres\/#primaryimage"},"image":{"@id":"https:\/\/lauraholistic.com\/index.php\/circulo-de-mujeres\/#primaryimage"},"thumbnailUrl":"https:\/\/lauraholistic.com\/wp-content\/uploads\/2021\/08\/hannah-busing-Zyx1bK9mqmA-unsplash-1024x683.jpg","datePublished":"2021-08-13T15:52:14+00:00","dateModified":"2021-09-28T10:56:17+00:00","breadcrumb":{"@id":"https:\/\/lauraholistic.com\/index.php\/circulo-de-mujeres\/#breadcrumb"},"inLanguage":"es","potentialAction":[{"@type":"ReadAction","target":["https:\/\/lauraholistic.com\/index.php\/circulo-de-mujeres\/"]}]},{"@type":"ImageObject","inLanguage":"es","@id":"https:\/\/lauraholistic.com\/index.php\/circulo-de-mujeres\/#primaryimage","url":"https:\/\/lauraholistic.com\/wp-content\/uploads\/2021\/08\/hannah-busing-Zyx1bK9mqmA-unsplash-scaled.jpg","contentUrl":"https:\/\/lauraholistic.com\/wp-content\/uploads\/2021\/08\/hannah-busing-Zyx1bK9mqmA-unsplash-scaled.jpg","width":2560,"height":1707},{"@type":"BreadcrumbList","@id":"https:\/\/lauraholistic.com\/index.php\/circulo-de-mujeres\/#breadcrumb","itemListElement":[{"@type":"ListItem","position":1,"name":"Portada","item":"https:\/\/lauraholistic.com\/"},{"@type":"ListItem","position":2,"name":"C\u00cdRCULO DE MUJERES"}]},{"@type":"WebSite","@id":"https:\/\/lauraholistic.com\/#website","url":"https:\/\/lauraholistic.com\/","name":"WordPress","description":"Un site utilisant WordPress","potentialAction":[{"@type":"SearchAction","target":{"@type":"EntryPoint","urlTemplate":"https:\/\/lauraholistic.com\/?s={search_term_string}"},"query-input":{"@type":"PropertyValueSpecification","valueRequired":true,"valueName":"search_term_string"}}],"inLanguage":"es"}]}},"_links":{"self":[{"href":"https:\/\/lauraholistic.com\/index.php\/wp-json\/wp\/v2\/pages\/448","targetHints":{"allow":["GET"]}}],"collection":[{"href":"https:\/\/lauraholistic.com\/index.php\/wp-json\/wp\/v2\/pages"}],"about":[{"href":"https:\/\/lauraholistic.com\/index.php\/wp-json\/wp\/v2\/types\/page"}],"author":[{"embeddable":true,"href":"https:\/\/lauraholistic.com\/index.php\/wp-json\/wp\/v2\/users\/1"}],"replies":[{"embeddable":true,"href":"https:\/\/lauraholistic.com\/index.php\/wp-json\/wp\/v2\/comments?post=448"}],"version-history":[{"count":50,"href":"https:\/\/lauraholistic.com\/index.php\/wp-json\/wp\/v2\/pages\/448\/revisions"}],"predecessor-version":[{"id":1028,"href":"https:\/\/lauraholistic.com\/index.php\/wp-json\/wp\/v2\/pages\/448\/revisions\/1028"}],"wp:attachment":[{"href":"https:\/\/lauraholistic.com\/index.php\/wp-json\/wp\/v2\/media?parent=448"}],"curies":[{"name":"wp","href":"https:\/\/api.w.org\/{rel}","templated":true}]}}